{"id":193,"date":"2021-06-30T06:18:27","date_gmt":"2021-06-30T04:18:27","guid":{"rendered":"https:\/\/gepfconference.co.za\/2021\/?page_id=193"},"modified":"2021-10-15T16:59:52","modified_gmt":"2021-10-15T14:59:52","slug":"programme","status":"publish","type":"page","link":"https:\/\/gepfconference.co.za\/2021\/programme\/","title":{"rendered":"Programme"},"content":{"rendered":"<p>[et_pb_section fb_built=&#8221;1&#8243; module_class=&#8221;pages&#8221; _builder_version=&#8221;4.9.1&#8243; _module_preset=&#8221;default&#8221; background_image=&#8221;https:\/\/gepfconference.co.za\/2021\/wp-content\/uploads\/2021\/06\/architecture-839362_1920.jpg&#8221; mix_blend_mode=&#8221;saturation&#8221; scroll_fade_enable=&#8221;on&#8221;][et_pb_row _builder_version=&#8221;4.9.7&#8243; _module_preset=&#8221;default&#8221;][et_pb_column type=&#8221;4_4&#8243; _builder_version=&#8221;4.9.7&#8243; _module_preset=&#8221;default&#8221;][et_pb_post_title meta=&#8221;off&#8221; featured_image=&#8221;off&#8221; _builder_version=&#8221;4.9.7&#8243; _module_preset=&#8221;default&#8221;][\/et_pb_post_title][et_pb_text module_class=&#8221;breadcrumbs&#8221; _builder_version=&#8221;4.9.1&#8243; _module_preset=&#8221;default&#8221;]<\/p>\n<p><a href=\"https:\/\/gepfconference.co.za\/2021\/\">Home<\/a> &nbsp;\/\/&nbsp; <span style=\"opacity: 0.6\">Programme<span><\/p>\n<p>[\/et_pb_text][\/et_pb_column][\/et_pb_row][\/et_pb_section][et_pb_section fb_built=&#8221;1&#8243; _builder_version=&#8221;4.9.7&#8243; _module_preset=&#8221;default&#8221;][et_pb_row _builder_version=&#8221;4.9.7&#8243; _module_preset=&#8221;default&#8221;][et_pb_column type=&#8221;4_4&#8243; _builder_version=&#8221;4.9.7&#8243; _module_preset=&#8221;default&#8221;][et_pb_text _builder_version=&#8221;4.9.1&#8243; _module_preset=&#8221;default&#8221;]<\/p>\n<h3 style=\"text-align: center;\">Programme<\/h3>\n<p>[\/et_pb_text][et_pb_tabs _builder_version=&#8221;4.9.1&#8243; _module_preset=&#8221;default&#8221; hover_enabled=&#8221;0&#8243; sticky_enabled=&#8221;0&#8243;][et_pb_tab title=&#8221;Monday, September 27 2021&#8243; _builder_version=&#8221;4.9.1&#8243; _module_preset=&#8221;default&#8221; hover_enabled=&#8221;0&#8243; sticky_enabled=&#8221;0&#8243;]<\/p>\n<table width=\"100%\" cellspacing=\"0\" cellpadding=\"0\" border=\"0\">\n<tbody>\n<tr>\n<td bgcolor=\"#505e93\" colspan=\"2\"><a href=\"https:\/\/gepfconference.co.za\/2021\/day-1-session-1\/\" style=\"color: #fff; text-decoration: none;\" target=\"_blank\" rel=\"noopener\"><strong>Click here to watch Session 1<\/strong><\/a><\/td>\n<\/tr>\n<tr>\n<td>12:50pm<\/td>\n<td><strong>Welcome by your conference host,<\/strong><br \/>\n<strong style=\"color: #505e93;\">Musa Mabesa<\/strong>, Principal Executive Officer of the Government Employees Pension Fund (GEPF)<\/td>\n<\/tr>\n<tr>\n<td>1:00pm<\/td>\n<td><strong>Opening Remarks<\/strong><br \/>\n<strong style=\"color: #505e93;\">Renosi Mokate<\/strong>, Chairperson, GEPF<br \/>\n<strong style=\"color: #505e93;\">Therese Couture<\/strong>, Director, Department of Asset Management and Advisory, World Bank <\/td>\n<\/tr>\n<tr>\n<td>1:20-1:40pm<\/td>\n<td><strong>Keynote address<\/strong><br \/>\nPensions Funds in a COVID-19 world \u2013 Impacts and Policy considerations<br \/>\n<strong style=\"color: #505e93;\">Anshula Kant<\/strong>, <em>Managing Director and World Bank Group Chief Financial Officer.<\/em><\/td>\n<\/tr>\n<tr>\n<td>1:45-2:50pm<\/td>\n<td><strong>Panel Discussion<\/strong><\/p>\n<p>The impact of the COVID-19 pandemic on the financial position of pension funds as well as the global economy and financial markets.<\/p>\n<p><strong>Moderator:<\/strong> <strong style=\"color: #505e93;\">Olano Makhubela<\/strong>, <em>Divisional Executive: Retirement Funds Supervision, Financial Services Conduct Authority (FSCA), South Africa<\/em><\/p>\n<p><strong>Discussants: <\/strong><br \/>\n<strong style=\"color: #505e93;\">Gabriel Petre<\/strong>, <em>Senior Investment Strategist &#038; Asset Allocation, Pension, World Bank<\/em><br \/>\n\t<strong style=\"color: #505e93;\">Ismail Momoniat<\/strong>, <em>Deputy Director General, National Treasury, South Africa<\/em><br \/>\n<strong style=\"color: #505e93;\">Jacqueline Irving<\/strong>, <em>Senior Economist, International Finance Corporation<\/em><br \/>\n<strong style=\"color: #505e93;\">Rodrigo Valdes<\/strong> <em>(former Minister of Finance Chile)<\/em><em><br \/>\n<\/em><\/td>\n<\/tr>\n<tr>\n<td bgcolor=\"#F3F3F3\">2:50-3:00pm<\/td>\n<td bgcolor=\"#F3F3F3\">Break \/ Exhibition<\/td>\n<\/tr>\n<tr>\n<td bgcolor=\"#505e93\" colspan=\"2\"><a href=\"https:\/\/gepfconference.co.za\/2021\/day-1-session-2\/\" style=\"color: #fff; text-decoration: none;\" target=\"_blank\" rel=\"noopener\"><strong>Click here to watch Session 2<\/strong><\/a><\/td>\n<\/tr>\n<tr>\n<td>3:00-3:05pm<\/td>\n<td>Introduction of the next panel moderator by your host<\/td>\n<\/tr>\n<tr>\n<td>3:05-4:05pm<\/td>\n<td><strong>A candid conversation on Responsible Investing \u2013 supporting sustainability <\/strong><\/p>\n<p><strong>Moderator<\/strong>: <strong style=\"color: #505e93;\">Daniela Klingebiel<\/strong>, <em>Manager, Treasury Reserve Advisory and Management Partnership (RAMP) Programme, World Bank <\/em><\/p>\n<p><strong>Discussants<\/strong>:<br \/>\n<strong style=\"color: #505e93;\">Rob Bauer<\/strong>, <em>Maastricht University and Executive Director, ICPM <\/em><br \/>\n<strong style=\"color: #505e93;\">Andrew Canter<\/strong> <em>Chief Investment Officer, Futuregrowth<\/em><br \/>\n<strong style=\"color: #505e93;\">Claudia Kruse<\/strong>, <em>Managing Director, Responsible Investment &amp; Governance, APG Asset Management<\/em><br \/>\n<strong style=\"color: #505e93;\">Renosi Mokate<\/strong>, <em>Chairperson of the GEPF and PRI Board Member<\/em><br \/>\n<strong style=\"color: #505e93;\">Eduardo Piquero<\/strong>, <em>, Chief Executive Officer of M\u00c9XICO2<\/em><br \/>\n<strong style=\"color: #505e93;\">Fiona Reynolds<\/strong>, <em>Chief Executive Officer, Principles for Responsible Investment <\/em><\/td>\n<\/tr>\n<tr>\n<td>4:05pm<\/td>\n<td>Closing remarks<\/td>\n<\/tr>\n<tr>\n<td width=\"170\">16:10pm-17:00pm<\/td>\n<td>Exhibition<\/td>\n<\/tr>\n<\/tbody>\n<\/table>\n<p>[\/et_pb_tab][et_pb_tab title=&#8221;Tuesday, September 28 2021&#8243; _builder_version=&#8221;4.9.1&#8243; _module_preset=&#8221;default&#8221; hover_enabled=&#8221;0&#8243; sticky_enabled=&#8221;0&#8243;]<\/p>\n<table width=\"100%\" cellspacing=\"0\" cellpadding=\"0\" border=\"0\">\n<tbody>\n<tr>\n<td bgcolor=\"#505e93\" colspan=\"2\"><a href=\"https:\/\/gepfconference.co.za\/2021\/day-2-session-1\/\" style=\"color: #fff; text-decoration: none;\" target=\"_blank\" rel=\"noopener\"><strong>Click here to watch Session 1<\/strong><\/a><\/td>\n<\/tr>\n<tr>\n<td>12:50pm<\/td>\n<td><strong>Welcome by your host, <strong style=\"color: #505e93;\">Musa Mabesa<\/strong><\/strong><\/td>\n<\/tr>\n<tr>\n<td>1:00pm<\/td>\n<td><strong>Keynote Address<\/strong><br \/>International diversification vs \u201cHome bias\u201d in pension fund investing<br \/><strong style=\"color: #505e93;\">Srikanya Yathip<\/strong>, <em>Secretary General, Government Pension Fund, Thailand <\/em><\/td>\n<\/tr>\n<tr>\n<td>1:25pm<\/td>\n<td>Introduction of the moderator of the next panel by your host<\/td>\n<\/tr>\n<tr>\n<td>1:30\u20132:40pm<\/td>\n<td>\n<p><strong>Panel Discussion<\/strong><br \/><strong>International diversification vs \u201cHome bias\u201d in pension fund investing.<\/strong><br \/>A discussion on the advantages and disadvantages on International diversification vs \u201cHome bias\u201d in pension fund investing<\/p>\n<p><strong>Moderator:<\/strong> <strong style=\"color: #505e93;\">Eric Bouye<\/strong>, <em>Manager, Products, Knowledge and Research Unit, World Bank  Treasury<\/em><\/p>\n<p><strong>Discussants:<\/strong><br \/><strong style=\"color: #505e93;\">Tunku Alizakri Alias<\/strong>, <em>Chairman of Malaysia Venture Capital Management Berhad (MAVCAP)<\/em><br \/><strong style=\"color: #505e93;\">Richard Byarugaba<\/strong>, <em>Managing Director, National Social Security Fund, Uganda<\/em><br \/><strong style=\"color: #505e93;\">Abel Sithole<\/strong>, <em>Chief Executive Officer, Public Investment Corporation<\/em><br \/><strong style=\"color: #505e93;\">Hyup Son<\/strong>, <em>Head of Investment Strategy, Korea National Pension Scheme<\/em><br \/><strong style=\"color: #505e93;\">Fiona Stewart<\/strong>, <em>World Bank<\/em><br \/><strong style=\"color: #505e93;\">Pauli Prince Suhren<\/strong>, <em>Chief Executive Officer, Provident Fund Samoa &amp; Chair of Pacific Island Investment Forum<\/em><\/p>\n<\/td>\n<\/tr>\n<tr>\n<td bgcolor=\"#F3F3F3\">2:40\u20132:50pm<\/td>\n<td bgcolor=\"#F3F3F3\">Break \/ Exhibition<\/td>\n<\/tr>\n<tr>\n<td bgcolor=\"#505e93\" colspan=\"2\"><a href=\"https:\/\/gepfconference.co.za\/2021\/day-2-session-2\/\" style=\"color: #fff; text-decoration: none;\" target=\"_blank\" rel=\"noopener\"><strong>Click here to watch Session 2<\/strong><\/a><\/td>\n<\/tr>\n<tr>\n<td>2:50\u20133:30pm<\/td>\n<td>\n<p><strong>Panel Discussion<\/strong><br \/><strong>Infrastructure investing: harvesting long term capital <\/strong><br \/>A discussion on the opportunities and challenges of investing in infrastructure by pension funds<\/p>\n<p><strong>Moderator:<\/strong> <strong style=\"color: #505e93;\">Mr Langa Madonko<\/strong>, <em>Deputy President of the Association of Black Securities and Investment Professionals (ABSIP) and co-founder of Summit Africa<\/em>.<\/p>\n<p><strong>Discussants:<\/strong><br \/><strong style=\"color: #505e93;\">Anita George<\/strong>, <em>Caisse de D\u00e9p\u00f4t et Placement du Qu\u00e9bec<\/em><br \/><strong style=\"color: #505e93;\">Nicolas J. Firzli<\/strong>, <em>Director-general, World Pensions Council<\/em><br \/><strong style=\"color: #505e93;\">Datuk Seri Amir Hamzah<\/strong>, <em>Chief Executive Officer, Employees Provident Fund, Malaysia<\/em><br \/><strong style=\"color: #505e93;\">Sifiso Sibiya<\/strong>, <em>Head of Investments, GEPF<\/em><\/p>\n<\/td>\n<\/tr>\n<tr>\n<td>3:30pm<\/td>\n<td><strong>Keynote Address<\/strong><br \/><strong>Global Pensions Perspective<\/strong><br \/><strong style=\"color: #505e93;\">Pablo Antol\u00edn<\/strong> <em>Principal Economist, Head of the Private Pensions Unit and Deputy Head of Insurance, Private Pension and Financial Markets Division<br \/>Organization for Economic Co-operation and Development<br \/><\/em><\/td>\n<\/tr>\n<tr>\n<td>4:00pm<\/td>\n<td><strong>Closing remarks<\/strong><br \/><strong style=\"color: #505e93;\">Musa Mabesa<\/strong>, <em>Principal Executive Officer, GEPF<\/em><\/td>\n<\/tr>\n<tr>\n<td width=\"170\">16:10pm-17:00pm<\/td>\n<td>Exhibition<\/td>\n<\/tr>\n<\/tbody>\n<\/table>\n<p>[\/et_pb_tab][\/et_pb_tabs][\/et_pb_column][\/et_pb_row][\/et_pb_section]<\/p>\n","protected":false},"excerpt":{"rendered":"<p>[et_pb_section fb_built=&#8221;1&#8243; module_class=&#8221;pages&#8221; _builder_version=&#8221;4.9.1&#8243; _module_preset=&#8221;default&#8221; background_image=&#8221;https:\/\/gepfconference.co.za\/2021\/wp-content\/uploads\/2021\/06\/architecture-839362_1920.jpg&#8221; mix_blend_mode=&#8221;saturation&#8221; scroll_fade_enable=&#8221;on&#8221;][et_pb_row _builder_version=&#8221;4.9.7&#8243; _module_preset=&#8221;default&#8221;][et_pb_column type=&#8221;4_4&#8243; _builder_version=&#8221;4.9.7&#8243; _module_preset=&#8221;default&#8221;][et_pb_post_title meta=&#8221;off&#8221; featured_image=&#8221;off&#8221; _builder_version=&#8221;4.9.7&#8243; _module_preset=&#8221;default&#8221;][\/et_pb_post_title][et_pb_text module_class=&#8221;breadcrumbs&#8221; _builder_version=&#8221;4.9.1&#8243; _module_preset=&#8221;default&#8221;] Home &nbsp;\/\/&nbsp; Programme [\/et_pb_text][\/et_pb_column][\/et_pb_row][\/et_pb_section][et_pb_section fb_built=&#8221;1&#8243; _builder_version=&#8221;4.9.7&#8243; _module_preset=&#8221;default&#8221;][et_pb_row _builder_version=&#8221;4.9.7&#8243; _module_preset=&#8221;default&#8221;][et_pb_column type=&#8221;4_4&#8243; _builder_version=&#8221;4.9.7&#8243; _module_preset=&#8221;default&#8221;][et_pb_text _builder_version=&#8221;4.9.1&#8243; _module_preset=&#8221;default&#8221;] Programme [\/et_pb_text][et_pb_tabs _builder_version=&#8221;4.9.1&#8243; _module_preset=&#8221;default&#8221; hover_enabled=&#8221;0&#8243; sticky_enabled=&#8221;0&#8243;][et_pb_tab title=&#8221;Monday, September 27 2021&#8243; _builder_version=&#8221;4.9.1&#8243; _module_preset=&#8221;default&#8221; hover_enabled=&#8221;0&#8243; sticky_enabled=&#8221;0&#8243;] Click here to watch Session 1 12:50pm [&hellip;]<\/p>\n","protected":false},"author":1,"featured_media":0,"parent":0,"menu_order":0,"comment_status":"closed","ping_status":"closed","template":"","meta":{"_et_pb_use_builder":"on","_et_pb_old_content":"","_et_gb_content_width":"","footnotes":""},"class_list":["post-193","page","type-page","status-publish","hentry"],"_links":{"self":[{"href":"https:\/\/gepfconference.co.za\/2021\/wp-json\/wp\/v2\/pages\/193","targetHints":{"allow":["GET"]}}],"collection":[{"href":"https:\/\/gepfconference.co.za\/2021\/wp-json\/wp\/v2\/pages"}],"about":[{"href":"https:\/\/gepfconference.co.za\/2021\/wp-json\/wp\/v2\/types\/page"}],"author":[{"embeddable":true,"href":"https:\/\/gepfconference.co.za\/2021\/wp-json\/wp\/v2\/users\/1"}],"replies":[{"embeddable":true,"href":"https:\/\/gepfconference.co.za\/2021\/wp-json\/wp\/v2\/comments?post=193"}],"version-history":[{"count":57,"href":"https:\/\/gepfconference.co.za\/2021\/wp-json\/wp\/v2\/pages\/193\/revisions"}],"predecessor-version":[{"id":2333,"href":"https:\/\/gepfconference.co.za\/2021\/wp-json\/wp\/v2\/pages\/193\/revisions\/2333"}],"wp:attachment":[{"href":"https:\/\/gepfconference.co.za\/2021\/wp-json\/wp\/v2\/media?parent=193"}],"curies":[{"name":"wp","href":"https:\/\/api.w.org\/{rel}","templated":true}]}}